{"id":178,"date":"2024-04-14T10:05:19","date_gmt":"2024-04-14T13:05:19","guid":{"rendered":"https:\/\/adrpromo.adv.br\/?page_id=178"},"modified":"2024-04-23T14:51:21","modified_gmt":"2024-04-23T17:51:21","slug":"servicos","status":"publish","type":"page","link":"https:\/\/adrpromo.adv.br\/index.php\/servicos\/","title":{"rendered":"Servi\u00e7os"},"content":{"rendered":"\t\t<div data-elementor-type=\"wp-page\" data-elementor-id=\"178\" class=\"elementor elementor-178\" data-elementor-post-type=\"page\">\n\t\t\t\t<div class=\"elementor-element elementor-element-efa4718 e-flex e-con-boxed e-con e-parent\" data-id=\"efa4718\" data-element_type=\"container\" data-e-type=\"container\" data-settings=\"{&quot;background_background&quot;:&quot;classic&quot;,&quot;shape_divider_bottom&quot;:&quot;arrow&quot;}\">\n\t\t\t\t\t<div class=\"e-con-inner\">\n\t\t\t\t<div class=\"elementor-shape elementor-shape-bottom\" aria-hidden=\"true\" data-negative=\"false\">\n\t\t\t<svg xmlns=\"http:\/\/www.w3.org\/2000\/svg\" viewBox=\"0 0 700 10\" preserveAspectRatio=\"none\">\n\t<path class=\"elementor-shape-fill\" d=\"M350,10L340,0h20L350,10z\"\/>\n<\/svg>\t\t<\/div>\n\t\t<div class=\"elementor-element elementor-element-143e2fe e-flex e-con-boxed e-con e-child\" data-id=\"143e2fe\" data-element_type=\"container\" data-e-type=\"container\">\n\t\t\t\t\t<div class=\"e-con-inner\">\n\t\t\t\t<div class=\"elementor-element elementor-element-f517c81 elementor-widget elementor-widget-heading\" data-id=\"f517c81\" data-element_type=\"widget\" data-e-type=\"widget\" data-widget_type=\"heading.default\">\n\t\t\t\t<div class=\"elementor-widget-container\">\n\t\t\t\t\t<h2 class=\"elementor-heading-title elementor-size-default\">ENTENDA OS SERVI\u00c7OS PRESTADOS<\/h2>\t\t\t\t<\/div>\n\t\t\t\t<\/div>\n\t\t\t\t<div class=\"elementor-element elementor-element-c30f5e4 elementor-widget elementor-widget-heading\" data-id=\"c30f5e4\" data-element_type=\"widget\" data-e-type=\"widget\" data-widget_type=\"heading.default\">\n\t\t\t\t<div class=\"elementor-widget-container\">\n\t\t\t\t\t<h1 class=\"elementor-heading-title elementor-size-default\">PELO NOSSO ESCRIT\u00d3RIo<\/h1>\t\t\t\t<\/div>\n\t\t\t\t<\/div>\n\t\t<div class=\"elementor-element elementor-element-8cdd9d7 e-con-full e-flex e-con e-child\" data-id=\"8cdd9d7\" data-element_type=\"container\" data-e-type=\"container\">\n\t\t\t\t<div class=\"elementor-element elementor-element-12aef0b elementor-widget elementor-widget-heading\" data-id=\"12aef0b\" data-element_type=\"widget\" data-e-type=\"widget\" data-widget_type=\"heading.default\">\n\t\t\t\t<div class=\"elementor-widget-container\">\n\t\t\t\t\t<span class=\"elementor-heading-title elementor-size-default\">Unindo nossa experi\u00eancia e a inova\u00e7\u00e3o que o mercado exige, prestamos servi\u00e7os em todas as etapas de realiza\u00e7\u00e3o de promo\u00e7\u00f5es<\/span>\t\t\t\t<\/div>\n\t\t\t\t<\/div>\n\t\t\t\t<\/div>\n\t\t\t\t\t<\/div>\n\t\t\t\t<\/div>\n\t\t\t\t\t<\/div>\n\t\t\t\t<\/div>\n\t\t<div class=\"elementor-element elementor-element-8710942 e-flex e-con-boxed e-con e-parent\" data-id=\"8710942\" data-element_type=\"container\" data-e-type=\"container\">\n\t\t\t\t\t<div class=\"e-con-inner\">\n\t\t<div class=\"elementor-element elementor-element-56ae99b e-flex e-con-boxed e-con e-child\" data-id=\"56ae99b\" data-element_type=\"container\" data-e-type=\"container\">\n\t\t\t\t\t<div class=\"e-con-inner\">\n\t\t<div class=\"elementor-element elementor-element-5cee011 e-flex e-con-boxed e-con e-child\" data-id=\"5cee011\" data-element_type=\"container\" data-e-type=\"container\">\n\t\t\t\t\t<div class=\"e-con-inner\">\n\t\t\t\t<div class=\"elementor-element elementor-element-7571f6f elementor-widget elementor-widget-heading\" data-id=\"7571f6f\" data-element_type=\"widget\" data-e-type=\"widget\" data-widget_type=\"heading.default\">\n\t\t\t\t<div class=\"elementor-widget-container\">\n\t\t\t\t\t<h2 class=\"elementor-heading-title elementor-size-default\">O PROCESSO  <font style=\"font-weight: 900\">DAS PROMO\u00c7\u00d5ES<\/font> <\/h2>\t\t\t\t<\/div>\n\t\t\t\t<\/div>\n\t\t<div class=\"elementor-element elementor-element-83099f5 e-con-full e-flex e-con e-child\" data-id=\"83099f5\" data-element_type=\"container\" data-e-type=\"container\">\n\t\t\t\t<div class=\"elementor-element elementor-element-2dfe1bb elementor-widget elementor-widget-heading\" data-id=\"2dfe1bb\" data-element_type=\"widget\" data-e-type=\"widget\" data-widget_type=\"heading.default\">\n\t\t\t\t<div class=\"elementor-widget-container\">\n\t\t\t\t\t<span class=\"elementor-heading-title elementor-size-default\">\u00c9 preciso se atentar na cria\u00e7\u00e3o de uma a\u00e7\u00e3o promocional!\n<b>Conhe\u00e7a as principais etapas para realizar uma promo\u00e7\u00e3o:<\/b><\/span>\t\t\t\t<\/div>\n\t\t\t\t<\/div>\n\t\t\t\t<\/div>\n\t\t\t\t\t<\/div>\n\t\t\t\t<\/div>\n\t\t<div class=\"elementor-element elementor-element-112323e e-flex e-con-boxed e-con e-child\" data-id=\"112323e\" data-element_type=\"container\" data-e-type=\"container\">\n\t\t\t\t\t<div class=\"e-con-inner\">\n\t\t\t\t<div class=\"elementor-element elementor-element-5b40fb5 elementor-hidden-mobile elementor-widget elementor-widget-image\" data-id=\"5b40fb5\" data-element_type=\"widget\" data-e-type=\"widget\" data-widget_type=\"image.default\">\n\t\t\t\t<div class=\"elementor-widget-container\">\n\t\t\t\t\t\t\t\t\t\t\t\t\t\t\t<img fetchpriority=\"high\" decoding=\"async\" width=\"1066\" height=\"1679\" src=\"https:\/\/adrpromo.adv.br\/wp-content\/uploads\/2024\/04\/infografico-desk-2.png\" class=\"attachment-full size-full wp-image-654\" alt=\"\" srcset=\"https:\/\/adrpromo.adv.br\/wp-content\/uploads\/2024\/04\/infografico-desk-2.png 1066w, https:\/\/adrpromo.adv.br\/wp-content\/uploads\/2024\/04\/infografico-desk-2-190x300.png 190w, https:\/\/adrpromo.adv.br\/wp-content\/uploads\/2024\/04\/infografico-desk-2-650x1024.png 650w, https:\/\/adrpromo.adv.br\/wp-content\/uploads\/2024\/04\/infografico-desk-2-768x1210.png 768w, https:\/\/adrpromo.adv.br\/wp-content\/uploads\/2024\/04\/infografico-desk-2-975x1536.png 975w\" sizes=\"(max-width: 1066px) 100vw, 1066px\" \/>\t\t\t\t\t\t\t\t\t\t\t\t\t\t\t<\/div>\n\t\t\t\t<\/div>\n\t\t\t\t<div class=\"elementor-element elementor-element-78eb53b elementor-hidden-desktop elementor-hidden-laptop elementor-hidden-tablet_extra elementor-hidden-tablet elementor-hidden-mobile_extra elementor-widget elementor-widget-image\" data-id=\"78eb53b\" data-element_type=\"widget\" data-e-type=\"widget\" data-widget_type=\"image.default\">\n\t\t\t\t<div class=\"elementor-widget-container\">\n\t\t\t\t\t\t\t\t\t\t\t\t\t\t\t<img decoding=\"async\" width=\"405\" height=\"2517\" src=\"https:\/\/adrpromo.adv.br\/wp-content\/uploads\/2024\/04\/infografico-mobile-2.png\" class=\"attachment-full size-full wp-image-655\" alt=\"\" srcset=\"https:\/\/adrpromo.adv.br\/wp-content\/uploads\/2024\/04\/infografico-mobile-2.png 405w, https:\/\/adrpromo.adv.br\/wp-content\/uploads\/2024\/04\/infografico-mobile-2-165x1024.png 165w, https:\/\/adrpromo.adv.br\/wp-content\/uploads\/2024\/04\/infografico-mobile-2-247x1536.png 247w\" sizes=\"(max-width: 405px) 100vw, 405px\" \/>\t\t\t\t\t\t\t\t\t\t\t\t\t\t\t<\/div>\n\t\t\t\t<\/div>\n\t\t<div class=\"elementor-element elementor-element-5d6d442 e-flex e-con-boxed e-con e-child\" data-id=\"5d6d442\" data-element_type=\"container\" data-e-type=\"container\">\n\t\t\t\t\t<div class=\"e-con-inner\">\n\t\t\t\t<div class=\"elementor-element elementor-element-d20dc4d elementor-align-left elementor-widget elementor-widget-button\" data-id=\"d20dc4d\" data-element_type=\"widget\" data-e-type=\"widget\" data-widget_type=\"button.default\">\n\t\t\t\t<div class=\"elementor-widget-container\">\n\t\t\t\t\t\t\t\t\t<div class=\"elementor-button-wrapper\">\n\t\t\t\t\t<a class=\"elementor-button elementor-button-link elementor-size-sm elementor-animation-float\" href=\"https:\/\/adrpromo.adv.br\/index.php\/contato\/\">\n\t\t\t\t\t\t<span class=\"elementor-button-content-wrapper\">\n\t\t\t\t\t\t<span class=\"elementor-button-icon\">\n\t\t\t\t<svg aria-hidden=\"true\" class=\"e-font-icon-svg e-fas-chevron-right\" viewBox=\"0 0 320 512\" xmlns=\"http:\/\/www.w3.org\/2000\/svg\"><path d=\"M285.476 272.971L91.132 467.314c-9.373 9.373-24.569 9.373-33.941 0l-22.667-22.667c-9.357-9.357-9.375-24.522-.04-33.901L188.505 256 34.484 101.255c-9.335-9.379-9.317-24.544.04-33.901l22.667-22.667c9.373-9.373 24.569-9.373 33.941 0L285.475 239.03c9.373 9.372 9.373 24.568.001 33.941z\"><\/path><\/svg>\t\t\t<\/span>\n\t\t\t\t\t\t\t\t\t<span class=\"elementor-button-text\">fale conosco<\/span>\n\t\t\t\t\t<\/span>\n\t\t\t\t\t<\/a>\n\t\t\t\t<\/div>\n\t\t\t\t\t\t\t\t<\/div>\n\t\t\t\t<\/div>\n\t\t\t\t\t<\/div>\n\t\t\t\t<\/div>\n\t\t\t\t\t<\/div>\n\t\t\t\t<\/div>\n\t\t<div class=\"elementor-element elementor-element-45fdbed e-flex e-con-boxed e-con e-child\" data-id=\"45fdbed\" data-element_type=\"container\" data-e-type=\"container\" data-settings=\"{&quot;background_background&quot;:&quot;classic&quot;}\">\n\t\t\t\t\t<div class=\"e-con-inner\">\n\t\t<div class=\"elementor-element elementor-element-aa1aa55 e-flex e-con-boxed e-con e-child\" data-id=\"aa1aa55\" data-element_type=\"container\" data-e-type=\"container\">\n\t\t\t\t\t<div class=\"e-con-inner\">\n\t\t<div class=\"elementor-element elementor-element-4844234 e-con-full e-flex e-con e-child\" data-id=\"4844234\" data-element_type=\"container\" data-e-type=\"container\">\n\t\t<div class=\"elementor-element elementor-element-afb9c49 e-flex e-con-boxed e-con e-child\" data-id=\"afb9c49\" data-element_type=\"container\" data-e-type=\"container\" data-settings=\"{&quot;background_background&quot;:&quot;classic&quot;}\">\n\t\t\t\t\t<div class=\"e-con-inner\">\n\t\t\t\t<div class=\"elementor-element elementor-element-c814505 elementor-widget elementor-widget-heading\" data-id=\"c814505\" data-element_type=\"widget\" data-e-type=\"widget\" data-widget_type=\"heading.default\">\n\t\t\t\t<div class=\"elementor-widget-container\">\n\t\t\t\t\t<h2 class=\"elementor-heading-title elementor-size-default\">CONSULTORIA<\/h2>\t\t\t\t<\/div>\n\t\t\t\t<\/div>\n\t\t\t\t<div class=\"elementor-element elementor-element-185552f elementor-widget elementor-widget-text-editor\" data-id=\"185552f\" data-element_type=\"widget\" data-e-type=\"widget\" data-widget_type=\"text-editor.default\">\n\t\t\t\t<div class=\"elementor-widget-container\">\n\t\t\t\t\t\t\t\t\t<p>Muitas vezes, o objetivo da empresa \u00e9 realizar consultas para esclarecer d\u00favidas sobre assuntos que envolvam uma promo\u00e7\u00e3o comercial como quest\u00f5es cont\u00e1beis, riscos da atividade e orienta\u00e7\u00e3o no planejamento de marketing.<\/p>\t\t\t\t\t\t\t\t<\/div>\n\t\t\t\t<\/div>\n\t\t\t\t<div class=\"elementor-element elementor-element-ac1310f elementor-absolute elementor-widget elementor-widget-image\" data-id=\"ac1310f\" data-element_type=\"widget\" data-e-type=\"widget\" data-settings=\"{&quot;_position&quot;:&quot;absolute&quot;}\" data-widget_type=\"image.default\">\n\t\t\t\t<div class=\"elementor-widget-container\">\n\t\t\t\t\t\t\t\t\t\t\t\t\t\t\t<img decoding=\"async\" width=\"434\" height=\"438\" src=\"https:\/\/adrpromo.adv.br\/wp-content\/uploads\/2024\/04\/bg-card-servicos.png\" class=\"elementor-animation-grow attachment-full size-full wp-image-48\" alt=\"\" srcset=\"https:\/\/adrpromo.adv.br\/wp-content\/uploads\/2024\/04\/bg-card-servicos.png 434w, https:\/\/adrpromo.adv.br\/wp-content\/uploads\/2024\/04\/bg-card-servicos-297x300.png 297w, https:\/\/adrpromo.adv.br\/wp-content\/uploads\/2024\/04\/bg-card-servicos-150x150.png 150w\" sizes=\"(max-width: 434px) 100vw, 434px\" \/>\t\t\t\t\t\t\t\t\t\t\t\t\t\t\t<\/div>\n\t\t\t\t<\/div>\n\t\t\t\t\t<\/div>\n\t\t\t\t<\/div>\n\t\t<div class=\"elementor-element elementor-element-8757366 e-flex e-con-boxed e-con e-child\" data-id=\"8757366\" data-element_type=\"container\" data-e-type=\"container\" data-settings=\"{&quot;background_background&quot;:&quot;classic&quot;}\">\n\t\t\t\t\t<div class=\"e-con-inner\">\n\t\t\t\t<div class=\"elementor-element elementor-element-6172869 elementor-widget elementor-widget-heading\" data-id=\"6172869\" data-element_type=\"widget\" data-e-type=\"widget\" data-widget_type=\"heading.default\">\n\t\t\t\t<div class=\"elementor-widget-container\">\n\t\t\t\t\t<h2 class=\"elementor-heading-title elementor-size-default\">APURA\u00c7\u00c3O DE RESULTADOS<\/h2>\t\t\t\t<\/div>\n\t\t\t\t<\/div>\n\t\t\t\t<div class=\"elementor-element elementor-element-9d7b76f elementor-widget elementor-widget-text-editor\" data-id=\"9d7b76f\" data-element_type=\"widget\" data-e-type=\"widget\" data-widget_type=\"text-editor.default\">\n\t\t\t\t<div class=\"elementor-widget-container\">\n\t\t\t\t\t\t\t\t\t<p>Servi\u00e7o espec\u00edfico para o momento da defini\u00e7\u00e3o dos contemplados de uma a\u00e7\u00e3o promocional, de acordo com as regras pr\u00e9-estabelecidas no regulamento autorizado. Abrange tanto o momento da defini\u00e7\u00e3o como tamb\u00e9m o preparo dos documentos necess\u00e1rios desta fase de uma promo\u00e7\u00e3o.<\/p>\t\t\t\t\t\t\t\t<\/div>\n\t\t\t\t<\/div>\n\t\t\t\t<div class=\"elementor-element elementor-element-d94d704 elementor-absolute elementor-widget elementor-widget-image\" data-id=\"d94d704\" data-element_type=\"widget\" data-e-type=\"widget\" data-settings=\"{&quot;_position&quot;:&quot;absolute&quot;}\" data-widget_type=\"image.default\">\n\t\t\t\t<div class=\"elementor-widget-container\">\n\t\t\t\t\t\t\t\t\t\t\t\t\t\t\t<img decoding=\"async\" width=\"434\" height=\"438\" src=\"https:\/\/adrpromo.adv.br\/wp-content\/uploads\/2024\/04\/bg-card-servicos.png\" class=\"elementor-animation-grow attachment-full size-full wp-image-48\" alt=\"\" srcset=\"https:\/\/adrpromo.adv.br\/wp-content\/uploads\/2024\/04\/bg-card-servicos.png 434w, https:\/\/adrpromo.adv.br\/wp-content\/uploads\/2024\/04\/bg-card-servicos-297x300.png 297w, https:\/\/adrpromo.adv.br\/wp-content\/uploads\/2024\/04\/bg-card-servicos-150x150.png 150w\" sizes=\"(max-width: 434px) 100vw, 434px\" \/>\t\t\t\t\t\t\t\t\t\t\t\t\t\t\t<\/div>\n\t\t\t\t<\/div>\n\t\t\t\t\t<\/div>\n\t\t\t\t<\/div>\n\t\t\t\t<\/div>\n\t\t<div class=\"elementor-element elementor-element-5061e54 e-con-full e-flex e-con e-child\" data-id=\"5061e54\" data-element_type=\"container\" data-e-type=\"container\">\n\t\t<div class=\"elementor-element elementor-element-24f2814 e-flex e-con-boxed e-con e-child\" data-id=\"24f2814\" data-element_type=\"container\" data-e-type=\"container\" data-settings=\"{&quot;background_background&quot;:&quot;classic&quot;}\">\n\t\t\t\t\t<div class=\"e-con-inner\">\n\t\t\t\t<div class=\"elementor-element elementor-element-1ee07cd elementor-widget elementor-widget-heading\" data-id=\"1ee07cd\" data-element_type=\"widget\" data-e-type=\"widget\" data-widget_type=\"heading.default\">\n\t\t\t\t<div class=\"elementor-widget-container\">\n\t\t\t\t\t<h2 class=\"elementor-heading-title elementor-size-default\">PRESTA\u00c7\u00c3O DE CONTAS <\/h2>\t\t\t\t<\/div>\n\t\t\t\t<\/div>\n\t\t\t\t<div class=\"elementor-element elementor-element-a4598b3 elementor-widget elementor-widget-text-editor\" data-id=\"a4598b3\" data-element_type=\"widget\" data-e-type=\"widget\" data-widget_type=\"text-editor.default\">\n\t\t\t\t<div class=\"elementor-widget-container\">\n\t\t\t\t\t\t\t\t\t<p>Presta\u00e7\u00e3o de contas de promo\u00e7\u00f5es: inclui informar autoridades sobre entrega de pr\u00eamios, pagamento de tributos e outras exig\u00eancias. Contrata\u00e7\u00e3o do servi\u00e7o de autoriza\u00e7\u00e3o pode ser conjunta ou separada. Fundamental para finaliza\u00e7\u00e3o legal das promo\u00e7\u00f5es e para responder a fiscaliza\u00e7\u00f5es por falta de presta\u00e7\u00e3o de contas dentro dos prazos.<\/p>\t\t\t\t\t\t\t\t<\/div>\n\t\t\t\t<\/div>\n\t\t\t\t<div class=\"elementor-element elementor-element-6e9375a elementor-absolute elementor-widget elementor-widget-image\" data-id=\"6e9375a\" data-element_type=\"widget\" data-e-type=\"widget\" data-settings=\"{&quot;_position&quot;:&quot;absolute&quot;}\" data-widget_type=\"image.default\">\n\t\t\t\t<div class=\"elementor-widget-container\">\n\t\t\t\t\t\t\t\t\t\t\t\t\t\t\t<img decoding=\"async\" width=\"434\" height=\"438\" src=\"https:\/\/adrpromo.adv.br\/wp-content\/uploads\/2024\/04\/bg-card-servicos.png\" class=\"elementor-animation-grow attachment-full size-full wp-image-48\" alt=\"\" srcset=\"https:\/\/adrpromo.adv.br\/wp-content\/uploads\/2024\/04\/bg-card-servicos.png 434w, https:\/\/adrpromo.adv.br\/wp-content\/uploads\/2024\/04\/bg-card-servicos-297x300.png 297w, https:\/\/adrpromo.adv.br\/wp-content\/uploads\/2024\/04\/bg-card-servicos-150x150.png 150w\" sizes=\"(max-width: 434px) 100vw, 434px\" \/>\t\t\t\t\t\t\t\t\t\t\t\t\t\t\t<\/div>\n\t\t\t\t<\/div>\n\t\t\t\t\t<\/div>\n\t\t\t\t<\/div>\n\t\t<div class=\"elementor-element elementor-element-6c3cbb4 e-flex e-con-boxed e-con e-child\" data-id=\"6c3cbb4\" data-element_type=\"container\" data-e-type=\"container\" data-settings=\"{&quot;background_background&quot;:&quot;classic&quot;}\">\n\t\t\t\t\t<div class=\"e-con-inner\">\n\t\t\t\t<div class=\"elementor-element elementor-element-81e90d0 elementor-widget elementor-widget-heading\" data-id=\"81e90d0\" data-element_type=\"widget\" data-e-type=\"widget\" data-widget_type=\"heading.default\">\n\t\t\t\t<div class=\"elementor-widget-container\">\n\t\t\t\t\t<h2 class=\"elementor-heading-title elementor-size-default\">REGULAMENTOS QUE INDEPENDEM DE AUTORIZA\u00c7\u00c3O<\/h2>\t\t\t\t<\/div>\n\t\t\t\t<\/div>\n\t\t\t\t<div class=\"elementor-element elementor-element-4635635 elementor-widget elementor-widget-text-editor\" data-id=\"4635635\" data-element_type=\"widget\" data-e-type=\"widget\" data-widget_type=\"text-editor.default\">\n\t\t\t\t<div class=\"elementor-widget-container\">\n\t\t\t\t\t\t\t\t\t<p>Elabora\u00e7\u00e3o de regulamentos para a\u00e7\u00f5es promocionais em que a autoriza\u00e7\u00e3o n\u00e3o \u00e9 exigida, como cashback, campanhas de incentivo e programas de fidelidade. Ainda assim, a exist\u00eancia de regras e demais instru\u00e7\u00f5es aos participantes s\u00e3o necess\u00e1rias para trazer maior seguran\u00e7a, transpar\u00eancia e facilidade de compreens\u00e3o.<\/p>\t\t\t\t\t\t\t\t<\/div>\n\t\t\t\t<\/div>\n\t\t\t\t<div class=\"elementor-element elementor-element-41d92b0 elementor-absolute elementor-widget elementor-widget-image\" data-id=\"41d92b0\" data-element_type=\"widget\" data-e-type=\"widget\" data-settings=\"{&quot;_position&quot;:&quot;absolute&quot;}\" data-widget_type=\"image.default\">\n\t\t\t\t<div class=\"elementor-widget-container\">\n\t\t\t\t\t\t\t\t\t\t\t\t\t\t\t<img decoding=\"async\" width=\"434\" height=\"438\" src=\"https:\/\/adrpromo.adv.br\/wp-content\/uploads\/2024\/04\/bg-card-servicos.png\" class=\"elementor-animation-grow attachment-full size-full wp-image-48\" alt=\"\" srcset=\"https:\/\/adrpromo.adv.br\/wp-content\/uploads\/2024\/04\/bg-card-servicos.png 434w, https:\/\/adrpromo.adv.br\/wp-content\/uploads\/2024\/04\/bg-card-servicos-297x300.png 297w, https:\/\/adrpromo.adv.br\/wp-content\/uploads\/2024\/04\/bg-card-servicos-150x150.png 150w\" sizes=\"(max-width: 434px) 100vw, 434px\" \/>\t\t\t\t\t\t\t\t\t\t\t\t\t\t\t<\/div>\n\t\t\t\t<\/div>\n\t\t\t\t\t<\/div>\n\t\t\t\t<\/div>\n\t\t\t\t<\/div>\n\t\t\t\t\t<\/div>\n\t\t\t\t<\/div>\n\t\t<div class=\"elementor-element elementor-element-2c1a92f e-flex e-con-boxed e-con e-child\" data-id=\"2c1a92f\" data-element_type=\"container\" data-e-type=\"container\">\n\t\t\t\t\t<div class=\"e-con-inner\">\n\t\t\t\t<div class=\"elementor-element elementor-element-2ffb31b elementor-align-left elementor-widget elementor-widget-button\" data-id=\"2ffb31b\" data-element_type=\"widget\" data-e-type=\"widget\" data-widget_type=\"button.default\">\n\t\t\t\t<div class=\"elementor-widget-container\">\n\t\t\t\t\t\t\t\t\t<div class=\"elementor-button-wrapper\">\n\t\t\t\t\t<a class=\"elementor-button elementor-button-link elementor-size-sm elementor-animation-float\" href=\"https:\/\/adrpromo.adv.br\/index.php\/contato\/\">\n\t\t\t\t\t\t<span class=\"elementor-button-content-wrapper\">\n\t\t\t\t\t\t<span class=\"elementor-button-icon\">\n\t\t\t\t<svg aria-hidden=\"true\" class=\"e-font-icon-svg e-fas-chevron-right\" viewBox=\"0 0 320 512\" xmlns=\"http:\/\/www.w3.org\/2000\/svg\"><path d=\"M285.476 272.971L91.132 467.314c-9.373 9.373-24.569 9.373-33.941 0l-22.667-22.667c-9.357-9.357-9.375-24.522-.04-33.901L188.505 256 34.484 101.255c-9.335-9.379-9.317-24.544.04-33.901l22.667-22.667c9.373-9.373 24.569-9.373 33.941 0L285.475 239.03c9.373 9.372 9.373 24.568.001 33.941z\"><\/path><\/svg>\t\t\t<\/span>\n\t\t\t\t\t\t\t\t\t<span class=\"elementor-button-text\">fale conosco<\/span>\n\t\t\t\t\t<\/span>\n\t\t\t\t\t<\/a>\n\t\t\t\t<\/div>\n\t\t\t\t\t\t\t\t<\/div>\n\t\t\t\t<\/div>\n\t\t\t\t\t<\/div>\n\t\t\t\t<\/div>\n\t\t\t\t\t<\/div>\n\t\t\t\t<\/div>\n\t\t\t\t\t<\/div>\n\t\t\t\t<\/div>\n\t\t\t\t\t<\/div>\n\t\t\t\t<\/div>\n\t\t<div class=\"elementor-element elementor-element-6a0c8ff9 e-flex e-con-boxed e-con e-parent\" data-id=\"6a0c8ff9\" data-element_type=\"container\" data-e-type=\"container\" data-settings=\"{&quot;background_background&quot;:&quot;classic&quot;}\">\n\t\t\t\t\t<div class=\"e-con-inner\">\n\t\t<div class=\"elementor-element elementor-element-5aa233e8 e-flex e-con-boxed e-con e-child\" data-id=\"5aa233e8\" data-element_type=\"container\" data-e-type=\"container\">\n\t\t\t\t\t<div class=\"e-con-inner\">\n\t\t<div class=\"elementor-element elementor-element-4cda0b49 e-flex e-con-boxed e-con e-child\" data-id=\"4cda0b49\" data-element_type=\"container\" data-e-type=\"container\">\n\t\t\t\t\t<div class=\"e-con-inner\">\n\t\t<div class=\"elementor-element elementor-element-68216865 e-flex e-con-boxed e-con e-child\" data-id=\"68216865\" data-element_type=\"container\" data-e-type=\"container\">\n\t\t\t\t\t<div class=\"e-con-inner\">\n\t\t\t\t<div class=\"elementor-element elementor-element-7ea6a9d7 elementor-widget elementor-widget-heading\" data-id=\"7ea6a9d7\" data-element_type=\"widget\" data-e-type=\"widget\" data-widget_type=\"heading.default\">\n\t\t\t\t<div class=\"elementor-widget-container\">\n\t\t\t\t\t<h1 class=\"elementor-heading-title elementor-size-default\">D\u00daVIDAS FREQUENTES\n<\/h1>\t\t\t\t<\/div>\n\t\t\t\t<\/div>\n\t\t\t\t\t<\/div>\n\t\t\t\t<\/div>\n\t\t<div class=\"elementor-element elementor-element-79dd442d e-con-full e-flex e-con e-child\" data-id=\"79dd442d\" data-element_type=\"container\" data-e-type=\"container\">\n\t\t\t\t<div class=\"elementor-element elementor-element-1a49ad04 elementor-widget elementor-widget-heading\" data-id=\"1a49ad04\" data-element_type=\"widget\" data-e-type=\"widget\" data-widget_type=\"heading.default\">\n\t\t\t\t<div class=\"elementor-widget-container\">\n\t\t\t\t\t<h2 class=\"elementor-heading-title elementor-size-default\">Clique aqui e tire as suas principais d\u00favidas sobre promo\u00e7\u00f5es.<\/h2>\t\t\t\t<\/div>\n\t\t\t\t<\/div>\n\t\t\t\t<\/div>\n\t\t<div class=\"elementor-element elementor-element-193829a e-flex e-con-boxed e-con e-child\" data-id=\"193829a\" data-element_type=\"container\" data-e-type=\"container\">\n\t\t\t\t\t<div class=\"e-con-inner\">\n\t\t\t\t<div class=\"elementor-element elementor-element-7364c1f7 elementor-align-left elementor-widget elementor-widget-button\" data-id=\"7364c1f7\" data-element_type=\"widget\" data-e-type=\"widget\" data-widget_type=\"button.default\">\n\t\t\t\t<div class=\"elementor-widget-container\">\n\t\t\t\t\t\t\t\t\t<div class=\"elementor-button-wrapper\">\n\t\t\t\t\t<a class=\"elementor-button elementor-button-link elementor-size-sm elementor-animation-float\" href=\"https:\/\/adrpromo.adv.br\/index.php\/faq\/\">\n\t\t\t\t\t\t<span class=\"elementor-button-content-wrapper\">\n\t\t\t\t\t\t<span class=\"elementor-button-icon\">\n\t\t\t\t<svg aria-hidden=\"true\" class=\"e-font-icon-svg e-fas-chevron-right\" viewBox=\"0 0 320 512\" xmlns=\"http:\/\/www.w3.org\/2000\/svg\"><path d=\"M285.476 272.971L91.132 467.314c-9.373 9.373-24.569 9.373-33.941 0l-22.667-22.667c-9.357-9.357-9.375-24.522-.04-33.901L188.505 256 34.484 101.255c-9.335-9.379-9.317-24.544.04-33.901l22.667-22.667c9.373-9.373 24.569-9.373 33.941 0L285.475 239.03c9.373 9.372 9.373 24.568.001 33.941z\"><\/path><\/svg>\t\t\t<\/span>\n\t\t\t\t\t\t\t\t\t<span class=\"elementor-button-text\">acesse aqui<\/span>\n\t\t\t\t\t<\/span>\n\t\t\t\t\t<\/a>\n\t\t\t\t<\/div>\n\t\t\t\t\t\t\t\t<\/div>\n\t\t\t\t<\/div>\n\t\t\t\t\t<\/div>\n\t\t\t\t<\/div>\n\t\t\t\t\t<\/div>\n\t\t\t\t<\/div>\n\t\t\t\t\t<\/div>\n\t\t\t\t<\/div>\n\t\t\t\t\t<\/div>\n\t\t\t\t<\/div>\n\t\t\t\t<\/div>\n\t\t","protected":false},"excerpt":{"rendered":"<p>ENTENDA OS SERVI\u00c7OS PRESTADOS PELO NOSSO ESCRIT\u00d3RIo Unindo nossa experi\u00eancia e a inova\u00e7\u00e3o que o mercado exige, prestamos servi\u00e7os em todas as etapas de realiza\u00e7\u00e3o de promo\u00e7\u00f5es O PROCESSO DAS PROMO\u00c7\u00d5ES \u00c9 preciso se atentar na cria\u00e7\u00e3o de uma a\u00e7\u00e3o promocional! Conhe\u00e7a as principais etapas para realizar uma promo\u00e7\u00e3o: fale conosco CONSULTORIA Muitas vezes, o [&hellip;]<\/p>\n","protected":false},"author":1,"featured_media":0,"parent":0,"menu_order":0,"comment_status":"closed","ping_status":"closed","template":"","meta":{"inline_featured_image":false,"footnotes":""},"class_list":["post-178","page","type-page","status-publish","hentry"],"_links":{"self":[{"href":"https:\/\/adrpromo.adv.br\/index.php\/wp-json\/wp\/v2\/pages\/178","targetHints":{"allow":["GET"]}}],"collection":[{"href":"https:\/\/adrpromo.adv.br\/index.php\/wp-json\/wp\/v2\/pages"}],"about":[{"href":"https:\/\/adrpromo.adv.br\/index.php\/wp-json\/wp\/v2\/types\/page"}],"author":[{"embeddable":true,"href":"https:\/\/adrpromo.adv.br\/index.php\/wp-json\/wp\/v2\/users\/1"}],"replies":[{"embeddable":true,"href":"https:\/\/adrpromo.adv.br\/index.php\/wp-json\/wp\/v2\/comments?post=178"}],"version-history":[{"count":37,"href":"https:\/\/adrpromo.adv.br\/index.php\/wp-json\/wp\/v2\/pages\/178\/revisions"}],"predecessor-version":[{"id":661,"href":"https:\/\/adrpromo.adv.br\/index.php\/wp-json\/wp\/v2\/pages\/178\/revisions\/661"}],"wp:attachment":[{"href":"https:\/\/adrpromo.adv.br\/index.php\/wp-json\/wp\/v2\/media?parent=178"}],"curies":[{"name":"wp","href":"https:\/\/api.w.org\/{rel}","templated":true}]}}